{"id":6536,"date":"2024-10-06T20:36:51","date_gmt":"2024-10-06T20:36:51","guid":{"rendered":"https:\/\/postoffice.lv\/sikdatnu-politika\/"},"modified":"2024-10-10T11:33:52","modified_gmt":"2024-10-10T11:33:52","slug":"sikdatnu-politika","status":"publish","type":"page","link":"https:\/\/postoffice.lv\/en\/sikdatnu-politika\/","title":{"rendered":"S\u012bkdat\u0146u politika"},"content":{"rendered":"\t\t<div data-elementor-type=\"wp-page\" data-elementor-id=\"6536\" class=\"elementor elementor-6536 elementor-12\">\n\t\t\t\t<div class=\"elementor-element elementor-element-5abd8f4 e-flex e-con-boxed e-con e-parent\" data-id=\"5abd8f4\" data-element_type=\"container\" data-e-type=\"container\">\n\t\t\t\t\t<div class=\"e-con-inner\">\n\t\t\t\t<div class=\"elementor-element elementor-element-e0276df elementor-widget elementor-widget-heading\" data-id=\"e0276df\" data-element_type=\"widget\" data-e-type=\"widget\" data-widget_type=\"heading.default\">\n\t\t\t\t<div class=\"elementor-widget-container\">\n\t\t\t\t\t<h1 class=\"elementor-heading-title elementor-size-default\">S\u012bkdat\u0146u politika<\/h1>\t\t\t\t<\/div>\n\t\t\t\t<\/div>\n\t\t\t\t<div class=\"elementor-element elementor-element-a334aeb elementor-widget elementor-widget-heading\" data-id=\"a334aeb\" data-element_type=\"widget\" data-e-type=\"widget\" data-widget_type=\"heading.default\">\n\t\t\t\t<div class=\"elementor-widget-container\">\n\t\t\t\t\t<h2 class=\"elementor-heading-title elementor-size-default\">1. Ievads<\/h2>\t\t\t\t<\/div>\n\t\t\t\t<\/div>\n\t\t\t\t<div class=\"elementor-element elementor-element-cdd8820 elementor-widget elementor-widget-text-editor\" data-id=\"cdd8820\" data-element_type=\"widget\" data-e-type=\"widget\" data-widget_type=\"text-editor.default\">\n\t\t\t\t<div class=\"elementor-widget-container\">\n\t\t\t\t\t\t\t\t\t<p>\u0160\u012b S\u012bkdat\u0146u politika izskaidro, k\u0101 <strong>PostOffice<\/strong> (turpm\u0101k tekst\u0101 &#8220;m\u0113s&#8221;, &#8220;m\u016bsu&#8221; vai &#8220;uz\u0146\u0113mums&#8221;) izmanto s\u012bkdatnes un l\u012bdz\u012bgas tehnolo\u0123ijas m\u016bsu m\u0101jaslap\u0101 <strong><a href=\"http:\/\/www.postoffice.lv\" target=\"_new\" rel=\"noopener\">www.postoffice.lv<\/a><\/strong>. Izmantojot m\u016bsu m\u0101jaslapu, j\u016bs piekr\u012btat s\u012bkdat\u0146u izmanto\u0161anai saska\u0146\u0101 ar \u0161o politiku.<\/p>\t\t\t\t\t\t\t\t<\/div>\n\t\t\t\t<\/div>\n\t\t\t\t<div class=\"elementor-element elementor-element-beadeee elementor-widget elementor-widget-heading\" data-id=\"beadeee\" data-element_type=\"widget\" data-e-type=\"widget\" data-widget_type=\"heading.default\">\n\t\t\t\t<div class=\"elementor-widget-container\">\n\t\t\t\t\t<h2 class=\"elementor-heading-title elementor-size-default\">2. Kas ir s\u012bkdatnes?<\/h2>\t\t\t\t<\/div>\n\t\t\t\t<\/div>\n\t\t\t\t<div class=\"elementor-element elementor-element-46e8bb1 elementor-widget elementor-widget-text-editor\" data-id=\"46e8bb1\" data-element_type=\"widget\" data-e-type=\"widget\" data-widget_type=\"text-editor.default\">\n\t\t\t\t<div class=\"elementor-widget-container\">\n\t\t\t\t\t\t\t\t\t<p>S\u012bkdatnes ir mazi teksta faili, kas tiek saglab\u0101ti j\u016bsu ier\u012bc\u0113 (dator\u0101, plan\u0161etdator\u0101, viedt\u0101lrun\u012b) br\u012bd\u012b, kad apmekl\u0113jat m\u016bsu m\u0101jaslapu. S\u012bkdatnes pal\u012bdz mums atpaz\u012bt j\u016bsu ier\u012bci n\u0101kamaj\u0101s viz\u012bt\u0113s, uzlabot lietot\u0101ja pieredzi un nodro\u0161in\u0101t m\u0101jaslapas funkcionalit\u0101ti.<\/p>\t\t\t\t\t\t\t\t<\/div>\n\t\t\t\t<\/div>\n\t\t\t\t<div class=\"elementor-element elementor-element-46c5bd5 elementor-widget elementor-widget-heading\" data-id=\"46c5bd5\" data-element_type=\"widget\" data-e-type=\"widget\" data-widget_type=\"heading.default\">\n\t\t\t\t<div class=\"elementor-widget-container\">\n\t\t\t\t\t<h2 class=\"elementor-heading-title elementor-size-default\">3. K\u0101das s\u012bkdatnes m\u0113s izmantojam?<\/h2>\t\t\t\t<\/div>\n\t\t\t\t<\/div>\n\t\t\t\t<div class=\"elementor-element elementor-element-7181a9e elementor-widget elementor-widget-heading\" data-id=\"7181a9e\" data-element_type=\"widget\" data-e-type=\"widget\" data-widget_type=\"heading.default\">\n\t\t\t\t<div class=\"elementor-widget-container\">\n\t\t\t\t\t<h3 class=\"elementor-heading-title elementor-size-default\">3.1. Oblig\u0101t\u0101s s\u012bkdatnes<\/h3>\t\t\t\t<\/div>\n\t\t\t\t<\/div>\n\t\t\t\t<div class=\"elementor-element elementor-element-a197454 elementor-widget elementor-widget-text-editor\" data-id=\"a197454\" data-element_type=\"widget\" data-e-type=\"widget\" data-widget_type=\"text-editor.default\">\n\t\t\t\t<div class=\"elementor-widget-container\">\n\t\t\t\t\t\t\t\t\t<p>\u0160\u012bs s\u012bkdatnes ir nepiecie\u0161amas, lai j\u016bs var\u0113tu p\u0101rl\u016bkot m\u016bsu m\u0101jaslapu un izmantot t\u0101s funkcijas, piem\u0113ram, aizpild\u012bt kontaktformas. Bez \u0161\u012bm s\u012bkdatn\u0113m m\u0101jaslapa nevar\u0113s funkcion\u0113t pareizi.<\/p>\t\t\t\t\t\t\t\t<\/div>\n\t\t\t\t<\/div>\n\t\t\t\t<div class=\"elementor-element elementor-element-fd53316 elementor-widget elementor-widget-heading\" data-id=\"fd53316\" data-element_type=\"widget\" data-e-type=\"widget\" data-widget_type=\"heading.default\">\n\t\t\t\t<div class=\"elementor-widget-container\">\n\t\t\t\t\t<h3 class=\"elementor-heading-title elementor-size-default\">3.2. Funkcion\u0101l\u0101s s\u012bkdatnes<\/h3>\t\t\t\t<\/div>\n\t\t\t\t<\/div>\n\t\t\t\t<div class=\"elementor-element elementor-element-c332500 elementor-widget elementor-widget-text-editor\" data-id=\"c332500\" data-element_type=\"widget\" data-e-type=\"widget\" data-widget_type=\"text-editor.default\">\n\t\t\t\t<div class=\"elementor-widget-container\">\n\t\t\t\t\t\t\t\t\t<p>\u0160\u012bs s\u012bkdatnes \u013cauj m\u016bsu m\u0101jaslapai atcer\u0113ties j\u016bsu izv\u0113les (piem\u0113ram, valodas iestat\u012bjumus), lai nodro\u0161in\u0101tu personaliz\u0113tu pieredzi.<\/p>\t\t\t\t\t\t\t\t<\/div>\n\t\t\t\t<\/div>\n\t\t\t\t<div class=\"elementor-element elementor-element-c38824f elementor-widget elementor-widget-heading\" data-id=\"c38824f\" data-element_type=\"widget\" data-e-type=\"widget\" data-widget_type=\"heading.default\">\n\t\t\t\t<div class=\"elementor-widget-container\">\n\t\t\t\t\t<h3 class=\"elementor-heading-title elementor-size-default\">3.3. Anal\u012btisk\u0101s s\u012bkdatnes<\/h3>\t\t\t\t<\/div>\n\t\t\t\t<\/div>\n\t\t\t\t<div class=\"elementor-element elementor-element-95dbbf0 elementor-widget elementor-widget-text-editor\" data-id=\"95dbbf0\" data-element_type=\"widget\" data-e-type=\"widget\" data-widget_type=\"text-editor.default\">\n\t\t\t\t<div class=\"elementor-widget-container\">\n\t\t\t\t\t\t\t\t\t<p>M\u0113s varam izmantot anal\u012btisk\u0101s s\u012bkdatnes, lai v\u0101ktu inform\u0101ciju par to, k\u0101 apmekl\u0113t\u0101ji izmanto m\u016bsu m\u0101jaslapu, piem\u0113ram, apmekl\u0113jumu skaitu, popul\u0101r\u0101k\u0101s lapas un citus statistikas datus. \u0160\u012b inform\u0101cija pal\u012bdz mums uzlabot m\u0101jaslapas veiktsp\u0113ju.<\/p>\n<p><em>Piez\u012bme:<\/em> Pa\u0161laik m\u0113s neizmantojam tre\u0161o pu\u0161u anal\u012btiskos r\u012bkus, kas v\u0101ktu j\u016bsu personas datus.<\/p>\t\t\t\t\t\t\t\t<\/div>\n\t\t\t\t<\/div>\n\t\t\t\t<div class=\"elementor-element elementor-element-9bbcb3f elementor-widget elementor-widget-heading\" data-id=\"9bbcb3f\" data-element_type=\"widget\" data-e-type=\"widget\" data-widget_type=\"heading.default\">\n\t\t\t\t<div class=\"elementor-widget-container\">\n\t\t\t\t\t<h2 class=\"elementor-heading-title elementor-size-default\">4. S\u012bkdat\u0146u p\u0101rvald\u012bba un dz\u0113\u0161ana<\/h2>\t\t\t\t<\/div>\n\t\t\t\t<\/div>\n\t\t\t\t<div class=\"elementor-element elementor-element-ddcad0d elementor-widget elementor-widget-text-editor\" data-id=\"ddcad0d\" data-element_type=\"widget\" data-e-type=\"widget\" data-widget_type=\"text-editor.default\">\n\t\t\t\t<div class=\"elementor-widget-container\">\n\t\t\t\t\t\t\t\t\t<p>J\u016bs varat kontrol\u0113t un p\u0101rvald\u012bt s\u012bkdatnes, izmantojot sava p\u0101rl\u016bkprogrammas iestat\u012bjumus. L\u016bdzu, \u0146emiet v\u0113r\u0101, ka, dz\u0113\u0161ot vai blo\u0137\u0113jot s\u012bkdatnes, da\u017eas m\u0101jaslapas funkcijas var nedarboties pareizi.<\/p>\n<p><strong>K\u0101 main\u012bt s\u012bkdat\u0146u iestat\u012bjumus:<\/strong><\/p>\n<ul>\n<li><strong>Google Chrome:<\/strong> Iestat\u012bjumi &gt; Papildu &gt; Priv\u0101tums un dro\u0161\u012bba &gt; S\u012bkdat\u0146u iestat\u012bjumi.<\/li>\n<li><strong>Mozilla Firefox:<\/strong> Iestat\u012bjumi &gt; Priv\u0101tums un dro\u0161\u012bba &gt; S\u012bkdatnes un vietnes dati.<\/li>\n<li><strong>Safari:<\/strong> Preferences &gt; Priv\u0101tums &gt; S\u012bkdat\u0146u un vietnes datu p\u0101rvald\u012bba.<\/li>\n<\/ul>\t\t\t\t\t\t\t\t<\/div>\n\t\t\t\t<\/div>\n\t\t\t\t<div class=\"elementor-element elementor-element-7d2c5e3 elementor-widget elementor-widget-heading\" data-id=\"7d2c5e3\" data-element_type=\"widget\" data-e-type=\"widget\" data-widget_type=\"heading.default\">\n\t\t\t\t<div class=\"elementor-widget-container\">\n\t\t\t\t\t<h2 class=\"elementor-heading-title elementor-size-default\">5. Personas datu apstr\u0101de<\/h2>\t\t\t\t<\/div>\n\t\t\t\t<\/div>\n\t\t\t\t<div class=\"elementor-element elementor-element-0dee5ba elementor-widget elementor-widget-text-editor\" data-id=\"0dee5ba\" data-element_type=\"widget\" data-e-type=\"widget\" data-widget_type=\"text-editor.default\">\n\t\t\t\t<div class=\"elementor-widget-container\">\n\t\t\t\t\t\t\t\t\t<p>S\u012bkdatnes pa\u0161as par sevi nesatur personas datus, ta\u010du inform\u0101cija, kas tiek v\u0101kta ar s\u012bkdat\u0146u pal\u012bdz\u012bbu, var tikt saist\u012bta ar personas datiem, ko j\u016bs sniedzat, piem\u0113ram, aizpildot kontaktformas. Visu personas datu apstr\u0101de tiek veikta saska\u0146\u0101 ar m\u016bsu <a href=\"https:\/\/postoffice.lv\/privatuma-politika\/\">Priv\u0101tuma politiku<\/a>.<\/p>\t\t\t\t\t\t\t\t<\/div>\n\t\t\t\t<\/div>\n\t\t\t\t<div class=\"elementor-element elementor-element-8c635c3 elementor-widget elementor-widget-heading\" data-id=\"8c635c3\" data-element_type=\"widget\" data-e-type=\"widget\" data-widget_type=\"heading.default\">\n\t\t\t\t<div class=\"elementor-widget-container\">\n\t\t\t\t\t<h2 class=\"elementor-heading-title elementor-size-default\">6. Izmai\u0146as S\u012bkdat\u0146u politik\u0101<\/h2>\t\t\t\t<\/div>\n\t\t\t\t<\/div>\n\t\t\t\t<div class=\"elementor-element elementor-element-b26ac56 elementor-widget elementor-widget-text-editor\" data-id=\"b26ac56\" data-element_type=\"widget\" data-e-type=\"widget\" data-widget_type=\"text-editor.default\">\n\t\t\t\t<div class=\"elementor-widget-container\">\n\t\t\t\t\t\t\t\t\t<p>M\u0113s varam periodiski atjaunin\u0101t \u0161o S\u012bkdat\u0146u politiku, lai atspogu\u013cotu izmai\u0146as m\u016bsu s\u012bkdat\u0146u izmanto\u0161an\u0101 vai juridisk\u0101s pras\u012bbas. Visas izmai\u0146as tiks public\u0113tas \u0161aj\u0101 lap\u0101, un izmai\u0146as st\u0101sies sp\u0113k\u0101 br\u012bd\u012b, kad t\u0101s tiek public\u0113tas.<\/p>\t\t\t\t\t\t\t\t<\/div>\n\t\t\t\t<\/div>\n\t\t\t\t<div class=\"elementor-element elementor-element-cdfa388 elementor-widget elementor-widget-heading\" data-id=\"cdfa388\" data-element_type=\"widget\" data-e-type=\"widget\" data-widget_type=\"heading.default\">\n\t\t\t\t<div class=\"elementor-widget-container\">\n\t\t\t\t\t<h2 class=\"elementor-heading-title elementor-size-default\">7. Sazinieties ar mums<\/h2>\t\t\t\t<\/div>\n\t\t\t\t<\/div>\n\t\t\t\t<div class=\"elementor-element elementor-element-e461b79 elementor-widget elementor-widget-text-editor\" data-id=\"e461b79\" data-element_type=\"widget\" data-e-type=\"widget\" data-widget_type=\"text-editor.default\">\n\t\t\t\t<div class=\"elementor-widget-container\">\n\t\t\t\t\t\t\t\t\t<p>Ja jums ir jaut\u0101jumi vai neskaidr\u012bbas par \u0161o S\u012bkdat\u0146u politiku vai m\u016bsu s\u012bkdat\u0146u izmanto\u0161anu, l\u016bdzu, sazinieties ar mums:<\/p>\n<ul>\n<li><strong>E-pasts:<\/strong> <a rel=\"noopener\">info@postoffice.lv<\/a><\/li>\n<li><strong>Telefons:<\/strong> +371 27744487<\/li>\n<li><strong>Adrese: <\/strong>Jasmui\u017eas iela 18 k-1 Latgales priek\u0161pils\u0113ta, R\u012bga, LV-1021<\/li>\n<\/ul>\t\t\t\t\t\t\t\t<\/div>\n\t\t\t\t<\/div>\n\t\t\t\t<div class=\"elementor-element elementor-element-1f24609 elementor-widget elementor-widget-text-editor\" data-id=\"1f24609\" data-element_type=\"widget\" data-e-type=\"widget\" data-widget_type=\"text-editor.default\">\n\t\t\t\t<div class=\"elementor-widget-container\">\n\t\t\t\t\t\t\t\t\t<p><strong>P\u0113d\u0113j\u0101s atjauno\u0161anas datums:<\/strong> 10\/06\/2024<\/p>\t\t\t\t\t\t\t\t<\/div>\n\t\t\t\t<\/div>\n\t\t\t\t\t<\/div>\n\t\t\t\t<\/div>\n\t\t\t\t<\/div>\n\t\t","protected":false},"excerpt":{"rendered":"<p>S\u012bkdat\u0146u politika 1. Ievads \u0160\u012b S\u012bkdat\u0146u politika izskaidro, k\u0101 PostOffice (turpm\u0101k tekst\u0101 &#8220;m\u0113s&#8221;, &#8220;m\u016bsu&#8221; vai &#8220;uz\u0146\u0113mums&#8221;) izmanto s\u012bkdatnes un l\u012bdz\u012bgas tehnolo\u0123ijas m\u016bsu m\u0101jaslap\u0101 www.postoffice.lv. Izmantojot m\u016bsu m\u0101jaslapu, j\u016bs piekr\u012btat s\u012bkdat\u0146u izmanto\u0161anai saska\u0146\u0101 ar \u0161o politiku. 2. Kas ir s\u012bkdatnes? S\u012bkdatnes ir mazi teksta faili, kas tiek saglab\u0101ti j\u016bsu ier\u012bc\u0113 (dator\u0101, plan\u0161etdator\u0101, viedt\u0101lrun\u012b) br\u012bd\u012b, kad apmekl\u0113jat [&hellip;]<\/p>\n","protected":false},"author":1,"featured_media":0,"parent":0,"menu_order":0,"comment_status":"closed","ping_status":"closed","template":"","meta":{"footnotes":""},"class_list":["post-6536","page","type-page","status-publish","hentry"],"_links":{"self":[{"href":"https:\/\/postoffice.lv\/en\/wp-json\/wp\/v2\/pages\/6536"}],"collection":[{"href":"https:\/\/postoffice.lv\/en\/wp-json\/wp\/v2\/pages"}],"about":[{"href":"https:\/\/postoffice.lv\/en\/wp-json\/wp\/v2\/types\/page"}],"author":[{"embeddable":true,"href":"https:\/\/postoffice.lv\/en\/wp-json\/wp\/v2\/users\/1"}],"replies":[{"embeddable":true,"href":"https:\/\/postoffice.lv\/en\/wp-json\/wp\/v2\/comments?post=6536"}],"version-history":[{"count":6,"href":"https:\/\/postoffice.lv\/en\/wp-json\/wp\/v2\/pages\/6536\/revisions"}],"predecessor-version":[{"id":6651,"href":"https:\/\/postoffice.lv\/en\/wp-json\/wp\/v2\/pages\/6536\/revisions\/6651"}],"wp:attachment":[{"href":"https:\/\/postoffice.lv\/en\/wp-json\/wp\/v2\/media?parent=6536"}],"curies":[{"name":"wp","href":"https:\/\/api.w.org\/{rel}","templated":true}]}}